{"id":3489,"date":"2017-10-17T22:41:14","date_gmt":"2017-10-17T20:41:14","guid":{"rendered":"https:\/\/beta.latourdulac.ca\/?page_id=3489"},"modified":"2017-10-17T22:55:33","modified_gmt":"2017-10-17T20:55:33","slug":"romantic-inn","status":"publish","type":"page","link":"https:\/\/latourdulac.ca\/en\/romantic-inn\/","title":{"rendered":"The Inn"},"content":{"rendered":"<div class=\"wpb-content-wrapper\"><p>[vc_row full_width=&#8221;stretch_row&#8221; css=&#8221;.vc_custom_1508261763844{padding-top: 150px !important;padding-bottom: 85px !important;background-image: url(http:\/\/latourdulac.ca\/wp-content\/uploads\/2017\/10\/header-auberge.jpg?id=3474) !important;background-position: center !important;background-repeat: no-repeat !important;background-size: cover !important;}&#8221;][vc_column][\/vc_column][\/vc_row][vc_row full_width=&#8221;stretch_row&#8221; enable_overlay=&#8221;&#8221; css=&#8221;.vc_custom_1508262564293{border-top-width: 1px !important;padding-top: 25px !important;padding-bottom: 25px !important;background-color: #9a2420 !important;background-position: center !important;background-repeat: no-repeat !important;background-size: cover !important;border-top-color: #ffffff !important;border-top-style: solid !important;}&#8221;][vc_column css=&#8221;.vc_custom_1508262528117{padding-top: 0px !important;padding-bottom: 0px !important;}&#8221;]<div class=\"awe-special-heading text-left\" style=\"color:#ffffff;\"><h2 style=\"font-size:47px\">Auberge romantique<\/h2><\/div>[\/vc_column][\/vc_row][vc_row css=&#8221;.vc_custom_1508263247670{margin-top: 25px !important;}&#8221;][vc_column width=&#8221;1\/2&#8243;][vc_column_text size=&#8221;0&#8243;]Chers clients et amis,<\/p>\n<p>Nous sommes toujours heureux de vous accueillir dans notre magnifique<strong>\u00a0auberge romantique<\/strong>\u00a0situ\u00e9e \u00e0<strong>\u00a0Sainte-Agathe-des-Monts<\/strong>, au c\u0153ur de la belle r\u00e9gion des\u00a0<strong>Laurentides!<\/strong><\/p>\n<p>L\u2019<strong>Auberge de La Tour du Lac<\/strong>\u00a0est une destination culinaire et touristique exceptionnelle. Nous sommes d\u00e9vou\u00e9s \u00e0 vous offrir le meilleur service, les meilleurs produits et un accueil chaleureux pour que chacun de vos s\u00e9jours soit m\u00e9morable.<\/p>\n<p>Au plaisir de vous voir!<\/p>\n<p>Nathalie &amp; Mario[\/vc_column_text][\/vc_column][vc_column width=&#8221;1\/2&#8243;][vc_single_image image=&#8221;3484&#8243; img_size=&#8221;full&#8221;][\/vc_column][\/vc_row]<\/p>\n<\/div>","protected":false},"excerpt":{"rendered":"<p>[vc_row full_width=&#8221;stretch_row&#8221; css=&#8221;.vc_custom_1508261763844{padding-top: 150px !important;padding-bottom: 85px !important;background-image: url(http:\/\/latourdulac.ca\/wp-content\/uploads\/2017\/10\/header-auberge.jpg?id=3474) !important;background-position: center !important;background-repeat: no-repeat !important;background-size: cover !important;}&#8221;][vc_column][\/vc_column][\/vc_row][vc_row full_width=&#8221;stretch_row&#8221; enable_overlay=&#8221;&#8221; css=&#8221;.vc_custom_1508262564293{border-top-width: 1px !important;padding-top: 25px !important;padding-bottom: 25px !important;background-color: #9a2420 !important;background-position: center !important;background-repeat: no-repeat !important;background-size: cover !important;border-top-color: #ffffff !important;border-top-style: solid !important;}&#8221;][vc_column css=&#8221;.vc_custom_1508262528117{padding-top: 0px !important;padding-bottom: 0px !important;}&#8221;][\/vc_column][\/vc_row][vc_row css=&#8221;.vc_custom_1508263247670{margin-top: 25px !important;}&#8221;][vc_column width=&#8221;1\/2&#8243;][vc_column_text size=&#8221;0&#8243;]Chers clients et amis, Nous sommes toujours heureux de vous&#8230;<\/p>\n","protected":false},"author":1,"featured_media":0,"parent":0,"menu_order":0,"comment_status":"closed","ping_status":"closed","template":"","meta":{"footnotes":""},"class_list":["post-3489","page","type-page","status-publish","hentry"],"yoast_head":"<!-- This site is optimized with the Yoast SEO plugin v26.8 - https:\/\/yoast.com\/product\/yoast-seo-wordpress\/ -->\n<title>Inn Ste-Agathe, Laurentians - Auberge La Tour Du Lac<\/title>\n<meta name=\"description\" content=\"Inn at the Auberge La Tour du Lac in Ste-Agathe-des-Monts, Laurentians. Offer yourself a moment of pure relaxation in a warm atmosphere.\" \/>\n<meta name=\"robots\" content=\"index, follow, max-snippet:-1, max-image-preview:large, max-video-preview:-1\" \/>\n<link rel=\"canonical\" href=\"https:\/\/latourdulac.ca\/en\/romantic-inn\/\" \/>\n<meta property=\"og:locale\" content=\"en_US\" \/>\n<meta property=\"og:type\" content=\"article\" \/>\n<meta property=\"og:title\" content=\"Inn Ste-Agathe, Laurentians - Auberge La Tour Du Lac\" \/>\n<meta property=\"og:description\" content=\"Inn at the Auberge La Tour du Lac in Ste-Agathe-des-Monts, Laurentians. Offer yourself a moment of pure relaxation in a warm atmosphere.\" \/>\n<meta property=\"og:url\" content=\"https:\/\/latourdulac.ca\/en\/romantic-inn\/\" \/>\n<meta property=\"og:site_name\" content=\"La Tour du lac\" \/>\n<meta property=\"article:modified_time\" content=\"2017-10-17T20:55:33+00:00\" \/>\n<meta name=\"twitter:card\" content=\"summary_large_image\" \/>\n<meta name=\"twitter:label1\" content=\"Est. reading time\" \/>\n\t<meta name=\"twitter:data1\" content=\"1 minute\" \/>\n<script type=\"application\/ld+json\" class=\"yoast-schema-graph\">{\"@context\":\"https:\/\/schema.org\",\"@graph\":[{\"@type\":\"WebPage\",\"@id\":\"https:\/\/latourdulac.ca\/en\/romantic-inn\/\",\"url\":\"https:\/\/latourdulac.ca\/en\/romantic-inn\/\",\"name\":\"Inn Ste-Agathe, Laurentians - Auberge La Tour Du Lac\",\"isPartOf\":{\"@id\":\"https:\/\/latourdulac.ca\/#website\"},\"datePublished\":\"2017-10-17T20:41:14+00:00\",\"dateModified\":\"2017-10-17T20:55:33+00:00\",\"description\":\"Inn at the Auberge La Tour du Lac in Ste-Agathe-des-Monts, Laurentians. Offer yourself a moment of pure relaxation in a warm atmosphere.\",\"breadcrumb\":{\"@id\":\"https:\/\/latourdulac.ca\/en\/romantic-inn\/#breadcrumb\"},\"inLanguage\":\"en-US\",\"potentialAction\":[{\"@type\":\"ReadAction\",\"target\":[\"https:\/\/latourdulac.ca\/en\/romantic-inn\/\"]}]},{\"@type\":\"BreadcrumbList\",\"@id\":\"https:\/\/latourdulac.ca\/en\/romantic-inn\/#breadcrumb\",\"itemListElement\":[{\"@type\":\"ListItem\",\"position\":1,\"name\":\"Home\",\"item\":\"https:\/\/latourdulac.ca\/en\/\"},{\"@type\":\"ListItem\",\"position\":2,\"name\":\"The Inn\"}]},{\"@type\":\"WebSite\",\"@id\":\"https:\/\/latourdulac.ca\/#website\",\"url\":\"https:\/\/latourdulac.ca\/\",\"name\":\"La Tour du lac\",\"description\":\"Un site utilisant WordPress\",\"potentialAction\":[{\"@type\":\"SearchAction\",\"target\":{\"@type\":\"EntryPoint\",\"urlTemplate\":\"https:\/\/latourdulac.ca\/?s={search_term_string}\"},\"query-input\":{\"@type\":\"PropertyValueSpecification\",\"valueRequired\":true,\"valueName\":\"search_term_string\"}}],\"inLanguage\":\"en-US\"}]}<\/script>\n<!-- \/ Yoast SEO plugin. -->","yoast_head_json":{"title":"Inn Ste-Agathe, Laurentians - Auberge La Tour Du Lac","description":"Inn at the Auberge La Tour du Lac in Ste-Agathe-des-Monts, Laurentians. Offer yourself a moment of pure relaxation in a warm atmosphere.","robots":{"index":"index","follow":"follow","max-snippet":"max-snippet:-1","max-image-preview":"max-image-preview:large","max-video-preview":"max-video-preview:-1"},"canonical":"https:\/\/latourdulac.ca\/en\/romantic-inn\/","og_locale":"en_US","og_type":"article","og_title":"Inn Ste-Agathe, Laurentians - Auberge La Tour Du Lac","og_description":"Inn at the Auberge La Tour du Lac in Ste-Agathe-des-Monts, Laurentians. Offer yourself a moment of pure relaxation in a warm atmosphere.","og_url":"https:\/\/latourdulac.ca\/en\/romantic-inn\/","og_site_name":"La Tour du lac","article_modified_time":"2017-10-17T20:55:33+00:00","twitter_card":"summary_large_image","twitter_misc":{"Est. reading time":"1 minute"},"schema":{"@context":"https:\/\/schema.org","@graph":[{"@type":"WebPage","@id":"https:\/\/latourdulac.ca\/en\/romantic-inn\/","url":"https:\/\/latourdulac.ca\/en\/romantic-inn\/","name":"Inn Ste-Agathe, Laurentians - Auberge La Tour Du Lac","isPartOf":{"@id":"https:\/\/latourdulac.ca\/#website"},"datePublished":"2017-10-17T20:41:14+00:00","dateModified":"2017-10-17T20:55:33+00:00","description":"Inn at the Auberge La Tour du Lac in Ste-Agathe-des-Monts, Laurentians. Offer yourself a moment of pure relaxation in a warm atmosphere.","breadcrumb":{"@id":"https:\/\/latourdulac.ca\/en\/romantic-inn\/#breadcrumb"},"inLanguage":"en-US","potentialAction":[{"@type":"ReadAction","target":["https:\/\/latourdulac.ca\/en\/romantic-inn\/"]}]},{"@type":"BreadcrumbList","@id":"https:\/\/latourdulac.ca\/en\/romantic-inn\/#breadcrumb","itemListElement":[{"@type":"ListItem","position":1,"name":"Home","item":"https:\/\/latourdulac.ca\/en\/"},{"@type":"ListItem","position":2,"name":"The Inn"}]},{"@type":"WebSite","@id":"https:\/\/latourdulac.ca\/#website","url":"https:\/\/latourdulac.ca\/","name":"La Tour du lac","description":"Un site utilisant WordPress","potentialAction":[{"@type":"SearchAction","target":{"@type":"EntryPoint","urlTemplate":"https:\/\/latourdulac.ca\/?s={search_term_string}"},"query-input":{"@type":"PropertyValueSpecification","valueRequired":true,"valueName":"search_term_string"}}],"inLanguage":"en-US"}]}},"_links":{"self":[{"href":"https:\/\/latourdulac.ca\/en\/wp-json\/wp\/v2\/pages\/3489","targetHints":{"allow":["GET"]}}],"collection":[{"href":"https:\/\/latourdulac.ca\/en\/wp-json\/wp\/v2\/pages"}],"about":[{"href":"https:\/\/latourdulac.ca\/en\/wp-json\/wp\/v2\/types\/page"}],"author":[{"embeddable":true,"href":"https:\/\/latourdulac.ca\/en\/wp-json\/wp\/v2\/users\/1"}],"replies":[{"embeddable":true,"href":"https:\/\/latourdulac.ca\/en\/wp-json\/wp\/v2\/comments?post=3489"}],"version-history":[{"count":1,"href":"https:\/\/latourdulac.ca\/en\/wp-json\/wp\/v2\/pages\/3489\/revisions"}],"predecessor-version":[{"id":3490,"href":"https:\/\/latourdulac.ca\/en\/wp-json\/wp\/v2\/pages\/3489\/revisions\/3490"}],"wp:attachment":[{"href":"https:\/\/latourdulac.ca\/en\/wp-json\/wp\/v2\/media?parent=3489"}],"curies":[{"name":"wp","href":"https:\/\/api.w.org\/{rel}","templated":true}]}}